{"id":2467,"date":"2025-07-24T10:28:20","date_gmt":"2025-07-24T13:28:20","guid":{"rendered":"https:\/\/www.nortebox.com.br\/site\/?page_id=2467"},"modified":"2025-07-29T09:16:30","modified_gmt":"2025-07-29T12:16:30","slug":"blog-monitorando","status":"publish","type":"page","link":"https:\/\/www.nortebox.com.br\/site\/blog-monitorando\/","title":{"rendered":"Blog Monitorando com intelig\u00eancia"},"content":{"rendered":"\t\t<div data-elementor-type=\"wp-page\" data-elementor-id=\"2467\" class=\"elementor elementor-2467\" data-elementor-settings=\"{&quot;ha_cmc_init_switcher&quot;:&quot;no&quot;}\" data-elementor-post-type=\"page\">\n\t\t\t\t\t\t<section class=\"elementor-section elementor-top-section elementor-element elementor-element-d3ab1b7 elementor-section-content-middle elementor-hidden-desktop elementor-hidden-tablet elementor-section-full_width elementor-section-height-default elementor-section-height-default\" data-id=\"d3ab1b7\" data-element_type=\"section\" data-settings=\"{&quot;background_background&quot;:&quot;classic&quot;,&quot;sticky&quot;:&quot;top&quot;,&quot;sticky_on&quot;:[&quot;desktop&quot;,&quot;tablet&quot;,&quot;mobile&quot;],&quot;sticky_offset&quot;:0,&quot;sticky_effects_offset&quot;:0}\">\n\t\t\t\t\t\t<div class=\"elementor-container elementor-column-gap-no\">\n\t\t\t\t\t<div class=\"elementor-column elementor-col-100 elementor-top-column elementor-element elementor-element-2ea00fc\" data-id=\"2ea00fc\" data-element_type=\"column\">\n\t\t\t<div class=\"elementor-widget-wrap elementor-element-populated\">\n\t\t\t\t\t\t<section class=\"elementor-section elementor-inner-section elementor-element elementor-element-9aab48c elementor-section-boxed elementor-section-height-default elementor-section-height-default\" data-id=\"9aab48c\" data-element_type=\"section\">\n\t\t\t\t\t\t<div class=\"elementor-container elementor-column-gap-default\">\n\t\t\t\t\t<div class=\"elementor-column elementor-col-50 elementor-inner-column elementor-element elementor-element-bbc0e01\" data-id=\"bbc0e01\" data-element_type=\"column\">\n\t\t\t<div class=\"elementor-widget-wrap elementor-element-populated\">\n\t\t\t\t\t\t<div class=\"elementor-element elementor-element-9e37697 elementor-widget-mobile__width-initial elementor-widget elementor-widget-image\" data-id=\"9e37697\" data-element_type=\"widget\" data-widget_type=\"image.default\">\n\t\t\t\t<div class=\"elementor-widget-container\">\n\t\t\t\t\t\t\t\t\t\t\t\t\t<img fetchpriority=\"high\" decoding=\"async\" width=\"800\" height=\"450\" src=\"https:\/\/www.nortebox.com.br\/site\/wp-content\/uploads\/2022\/07\/HORIZONTAL_CLARA.svg\" class=\"attachment-large size-large wp-image-2354\" alt=\"\" \/>\t\t\t\t\t\t\t\t\t\t\t\t\t<\/div>\n\t\t\t\t<\/div>\n\t\t\t\t\t<\/div>\n\t\t<\/div>\n\t\t\t\t<div class=\"elementor-column elementor-col-50 elementor-inner-column elementor-element elementor-element-c40175c\" data-id=\"c40175c\" data-element_type=\"column\">\n\t\t\t<div class=\"elementor-widget-wrap elementor-element-populated\">\n\t\t\t\t\t\t<div class=\"elementor-element elementor-element-81d345b elementor-widget-mobile__width-inherit elementor-nav-menu--stretch elementor-nav-menu__text-align-aside elementor-nav-menu--toggle elementor-nav-menu--burger elementor-widget elementor-widget-nav-menu\" data-id=\"81d345b\" data-element_type=\"widget\" data-settings=\"{&quot;layout&quot;:&quot;dropdown&quot;,&quot;full_width&quot;:&quot;stretch&quot;,&quot;submenu_icon&quot;:{&quot;value&quot;:&quot;&lt;i class=\\&quot;fas fa-caret-down\\&quot;&gt;&lt;\\\/i&gt;&quot;,&quot;library&quot;:&quot;fa-solid&quot;},&quot;toggle&quot;:&quot;burger&quot;}\" data-widget_type=\"nav-menu.default\">\n\t\t\t\t<div class=\"elementor-widget-container\">\n\t\t\t\t\t<div class=\"elementor-menu-toggle\" role=\"button\" tabindex=\"0\" aria-label=\"Alternar menu\" aria-expanded=\"false\">\n\t\t\t<i aria-hidden=\"true\" role=\"presentation\" class=\"elementor-menu-toggle__icon--open eicon-menu-bar\"><\/i><i aria-hidden=\"true\" role=\"presentation\" class=\"elementor-menu-toggle__icon--close eicon-close\"><\/i>\t\t\t<span class=\"elementor-screen-only\">Menu<\/span>\n\t\t<\/div>\n\t\t\t\t\t<nav class=\"elementor-nav-menu--dropdown elementor-nav-menu__container\" aria-hidden=\"true\">\n\t\t\t\t<ul id=\"menu-2-81d345b\" class=\"elementor-nav-menu\"><li class=\"menu-item menu-item-type-custom menu-item-object-custom menu-item-home menu-item-2579\"><a href=\"https:\/\/www.nortebox.com.br\/site\/#home\" class=\"elementor-item elementor-item-anchor\" tabindex=\"-1\">HOME<\/a><\/li>\n<li class=\"menu-item menu-item-type-custom menu-item-object-custom menu-item-home menu-item-2565\"><a href=\"https:\/\/www.nortebox.com.br\/site\/#solucoes\" class=\"elementor-item elementor-item-anchor\" tabindex=\"-1\">SOLU\u00c7\u00d5ES<\/a><\/li>\n<li class=\"menu-item menu-item-type-custom menu-item-object-custom menu-item-home menu-item-2572\"><a href=\"https:\/\/www.nortebox.com.br\/site\/#empresa\" class=\"elementor-item elementor-item-anchor\" tabindex=\"-1\">EMPRESA<\/a><\/li>\n<li class=\"menu-item menu-item-type-post_type menu-item-object-page menu-item-2829\"><a href=\"https:\/\/www.nortebox.com.br\/site\/blog-monitorando\/\" class=\"elementor-item\" tabindex=\"-1\">BLOG<\/a><\/li>\n<li class=\"menu-item menu-item-type-post_type menu-item-object-page menu-item-2574\"><a href=\"https:\/\/www.nortebox.com.br\/site\/contato\/\" class=\"elementor-item\" tabindex=\"-1\">CONTATO<\/a><\/li>\n<li class=\"menu-item menu-item-type-post_type menu-item-object-page menu-item-2990\"><a href=\"https:\/\/www.nortebox.com.br\/site\/simule-seu-plano\/\" class=\"elementor-item\" tabindex=\"-1\">SIMULA\u00c7\u00c3O<\/a><\/li>\n<\/ul>\t\t\t<\/nav>\n\t\t\t\t<\/div>\n\t\t\t\t<\/div>\n\t\t\t\t\t<\/div>\n\t\t<\/div>\n\t\t\t\t\t<\/div>\n\t\t<\/section>\n\t\t\t\t\t<\/div>\n\t\t<\/div>\n\t\t\t\t\t<\/div>\n\t\t<\/section>\n\t\t\t\t<section class=\"elementor-section elementor-top-section elementor-element elementor-element-1e6db02b elementor-section-height-min-height elementor-section-content-middle elementor-section-boxed elementor-section-height-default elementor-section-items-middle\" data-id=\"1e6db02b\" data-element_type=\"section\" data-settings=\"{&quot;background_background&quot;:&quot;classic&quot;}\">\n\t\t\t\t\t\t\t<div class=\"elementor-background-overlay\"><\/div>\n\t\t\t\t\t\t\t<div class=\"elementor-container elementor-column-gap-default\">\n\t\t\t\t\t<div class=\"elementor-column elementor-col-100 elementor-top-column elementor-element elementor-element-59aec4b3\" data-id=\"59aec4b3\" data-element_type=\"column\">\n\t\t\t<div class=\"elementor-widget-wrap elementor-element-populated\">\n\t\t\t\t\t\t<div class=\"elementor-element elementor-element-12b652fc elementor-widget elementor-widget-heading\" data-id=\"12b652fc\" data-element_type=\"widget\" data-widget_type=\"heading.default\">\n\t\t\t\t<div class=\"elementor-widget-container\">\n\t\t\t<h5 class=\"elementor-heading-title elementor-size-default\">Blog<\/h5>\t\t<\/div>\n\t\t\t\t<\/div>\n\t\t\t\t<div class=\"elementor-element elementor-element-363acc1 elementor-widget elementor-widget-heading\" data-id=\"363acc1\" data-element_type=\"widget\" data-widget_type=\"heading.default\">\n\t\t\t\t<div class=\"elementor-widget-container\">\n\t\t\t<h1 class=\"elementor-heading-title elementor-size-default\">Monitorando \n<br\/>com Intelig\u00eancia<\/h1>\t\t<\/div>\n\t\t\t\t<\/div>\n\t\t\t\t<div class=\"elementor-element elementor-element-1d61f808 elementor-widget__width-initial elementor-widget elementor-widget-text-editor\" data-id=\"1d61f808\" data-element_type=\"widget\" data-widget_type=\"text-editor.default\">\n\t\t\t\t<div class=\"elementor-widget-container\">\n\t\t\t\t\t\t\t<p><a href=\"https:\/\/www.nortebox.com.br\/site\/#empresa\">Aprenda com quem faz<\/a>: artigos, dicas e casos reais sobre como simplificar processos com tecnologia inteligente.<\/p>\t\t\t\t\t\t<\/div>\n\t\t\t\t<\/div>\n\t\t\t\t<div class=\"elementor-element elementor-element-a15bf9f elementor-widget__width-initial elementor-fixed elementor-align-center elementor-widget elementor-widget-button\" data-id=\"a15bf9f\" data-element_type=\"widget\" data-settings=\"{&quot;_position&quot;:&quot;fixed&quot;}\" data-widget_type=\"button.default\">\n\t\t\t\t<div class=\"elementor-widget-container\">\n\t\t\t\t\t<div class=\"elementor-button-wrapper\">\n\t\t\t<a class=\"elementor-button elementor-button-link elementor-size-md\" href=\"http:\/\/wa.me\/5562982816071\" target=\"_blank\" rel=\"noopener\">\n\t\t\t\t\t\t<span class=\"elementor-button-content-wrapper\">\n\t\t\t\t\t\t<span class=\"elementor-button-icon\">\n\t\t\t\t<i aria-hidden=\"true\" class=\"fab fa-whatsapp\"><\/i>\t\t\t<\/span>\n\t\t\t\t\t\t\t\t<\/span>\n\t\t\t\t\t<\/a>\n\t\t<\/div>\n\t\t\t\t<\/div>\n\t\t\t\t<\/div>\n\t\t\t\t\t<\/div>\n\t\t<\/div>\n\t\t\t\t\t<\/div>\n\t\t<\/section>\n\t\t\t\t<section class=\"elementor-section elementor-top-section elementor-element elementor-element-41be2ae elementor-section-boxed elementor-section-height-default elementor-section-height-default\" data-id=\"41be2ae\" data-element_type=\"section\">\n\t\t\t\t\t\t<div class=\"elementor-container elementor-column-gap-default\">\n\t\t\t\t\t<div class=\"elementor-column elementor-col-100 elementor-top-column elementor-element elementor-element-198951ed\" data-id=\"198951ed\" data-element_type=\"column\">\n\t\t\t<div class=\"elementor-widget-wrap elementor-element-populated\">\n\t\t\t\t\t\t<div class=\"elementor-element elementor-element-d9be315 elementor-grid-1 elementor-grid-tablet-2 elementor-grid-mobile-1 elementor-posts--thumbnail-top elementor-card-shadow-yes elementor-posts__hover-gradient elementor-widget elementor-widget-posts\" data-id=\"d9be315\" data-element_type=\"widget\" data-settings=\"{&quot;cards_columns&quot;:&quot;1&quot;,&quot;cards_columns_tablet&quot;:&quot;2&quot;,&quot;cards_columns_mobile&quot;:&quot;1&quot;,&quot;cards_row_gap&quot;:{&quot;unit&quot;:&quot;px&quot;,&quot;size&quot;:35,&quot;sizes&quot;:[]},&quot;cards_row_gap_tablet&quot;:{&quot;unit&quot;:&quot;px&quot;,&quot;size&quot;:&quot;&quot;,&quot;sizes&quot;:[]},&quot;cards_row_gap_mobile&quot;:{&quot;unit&quot;:&quot;px&quot;,&quot;size&quot;:&quot;&quot;,&quot;sizes&quot;:[]}}\" data-widget_type=\"posts.cards\">\n\t\t\t\t<div class=\"elementor-widget-container\">\n\t\t\t\t\t<div class=\"elementor-posts-container elementor-posts elementor-posts--skin-cards elementor-grid\">\n\t\t\t\t<article class=\"elementor-post elementor-grid-item post-2739 post type-post status-publish format-standard has-post-thumbnail hentry category-sem-categoria\">\n\t\t\t<div class=\"elementor-post__card\">\n\t\t\t\t<a class=\"elementor-post__thumbnail__link\" href=\"https:\/\/www.nortebox.com.br\/site\/o-que-e-manutencao-preditiva\/\" tabindex=\"-1\"><div class=\"elementor-post__thumbnail\"><img decoding=\"async\" width=\"217\" height=\"300\" src=\"https:\/\/www.nortebox.com.br\/site\/wp-content\/uploads\/2022\/08\/Popup-416405-217x300.jpg\" class=\"attachment-medium size-medium wp-image-1729\" alt=\"Manuten\u00e7\u00e3o preditiva\" srcset=\"https:\/\/www.nortebox.com.br\/site\/wp-content\/uploads\/2022\/08\/Popup-416405-217x300.jpg 217w, https:\/\/www.nortebox.com.br\/site\/wp-content\/uploads\/2022\/08\/Popup-416405.jpg 600w\" sizes=\"(max-width: 217px) 100vw, 217px\" \/><\/div><\/a>\n\t\t\t\t<div class=\"elementor-post__text\">\n\t\t\t\t<h3 class=\"elementor-post__title\">\n\t\t\t<a href=\"https:\/\/www.nortebox.com.br\/site\/o-que-e-manutencao-preditiva\/\">\n\t\t\t\tO que \u00e9 manuten\u00e7\u00e3o preditiva e como aplic\u00e1-la com tecnologia acess\u00edvel em 2025\t\t\t<\/a>\n\t\t<\/h3>\n\t\t\t\t<div class=\"elementor-post__excerpt\">\n\t\t\t<p>Entenda o que \u00e9 manuten\u00e7\u00e3o preditiva\u00a0 e como a Nortebox<\/p>\n\t\t<\/div>\n\t\t\n\t\t<a class=\"elementor-post__read-more\" href=\"https:\/\/www.nortebox.com.br\/site\/o-que-e-manutencao-preditiva\/\" aria-label=\"Leia mais sobre O que \u00e9 manuten\u00e7\u00e3o preditiva e como aplic\u00e1-la com tecnologia acess\u00edvel em 2025\" tabindex=\"-1\">\n\t\t\tLeia mais \u00bb\t\t<\/a>\n\n\t\t\t\t<\/div>\n\t\t\t\t\t<\/div>\n\t\t<\/article>\n\t\t\t\t<article class=\"elementor-post elementor-grid-item post-2513 post type-post status-publish format-standard has-post-thumbnail hentry category-geradors category-monitoramento tag-geradores\">\n\t\t\t<div class=\"elementor-post__card\">\n\t\t\t\t<a class=\"elementor-post__thumbnail__link\" href=\"https:\/\/www.nortebox.com.br\/site\/monitoramento-inteligente\/\" tabindex=\"-1\"><div class=\"elementor-post__thumbnail\"><img decoding=\"async\" width=\"300\" height=\"200\" src=\"https:\/\/www.nortebox.com.br\/site\/wp-content\/uploads\/2022\/08\/mishaal-zahed-w8X2pbw4O2g-unsplash2-300x200.jpg\" class=\"attachment-medium size-medium wp-image-1256\" alt=\"monitoramento inteligente\" srcset=\"https:\/\/www.nortebox.com.br\/site\/wp-content\/uploads\/2022\/08\/mishaal-zahed-w8X2pbw4O2g-unsplash2-300x200.jpg 300w, https:\/\/www.nortebox.com.br\/site\/wp-content\/uploads\/2022\/08\/mishaal-zahed-w8X2pbw4O2g-unsplash2.jpg 768w\" sizes=\"(max-width: 300px) 100vw, 300px\" \/><\/div><\/a>\n\t\t\t\t<div class=\"elementor-post__text\">\n\t\t\t\t<h3 class=\"elementor-post__title\">\n\t\t\t<a href=\"https:\/\/www.nortebox.com.br\/site\/monitoramento-inteligente\/\">\n\t\t\t\tReduza custos operacionais com monitoramento inteligente em 2025\t\t\t<\/a>\n\t\t<\/h3>\n\t\t\t\t<div class=\"elementor-post__excerpt\">\n\t\t\t<p>Saiba como o monitoramento inteligente ajuda a reduzir custos operacionais,<\/p>\n\t\t<\/div>\n\t\t\n\t\t<a class=\"elementor-post__read-more\" href=\"https:\/\/www.nortebox.com.br\/site\/monitoramento-inteligente\/\" aria-label=\"Leia mais sobre Reduza custos operacionais com monitoramento inteligente em 2025\" tabindex=\"-1\">\n\t\t\tLeia mais \u00bb\t\t<\/a>\n\n\t\t\t\t<\/div>\n\t\t\t\t\t<\/div>\n\t\t<\/article>\n\t\t\t\t<article class=\"elementor-post elementor-grid-item post-2476 post type-post status-publish format-standard has-post-thumbnail hentry category-sem-categoria\">\n\t\t\t<div class=\"elementor-post__card\">\n\t\t\t\t<a class=\"elementor-post__thumbnail__link\" href=\"https:\/\/www.nortebox.com.br\/site\/monitoramento-remoto-de-geradores\/\" tabindex=\"-1\"><div class=\"elementor-post__thumbnail\"><img loading=\"lazy\" decoding=\"async\" width=\"300\" height=\"200\" src=\"https:\/\/www.nortebox.com.br\/site\/wp-content\/uploads\/2022\/08\/GeradorVerde-300x200.jpg\" class=\"attachment-medium size-medium wp-image-2131\" alt=\"Monitoramento remoto de geradores\" srcset=\"https:\/\/www.nortebox.com.br\/site\/wp-content\/uploads\/2022\/08\/GeradorVerde-300x200.jpg 300w, https:\/\/www.nortebox.com.br\/site\/wp-content\/uploads\/2022\/08\/GeradorVerde-768x512.jpg 768w, https:\/\/www.nortebox.com.br\/site\/wp-content\/uploads\/2022\/08\/GeradorVerde.jpg 1000w\" sizes=\"(max-width: 300px) 100vw, 300px\" \/><\/div><\/a>\n\t\t\t\t<div class=\"elementor-post__text\">\n\t\t\t\t<h3 class=\"elementor-post__title\">\n\t\t\t<a href=\"https:\/\/www.nortebox.com.br\/site\/monitoramento-remoto-de-geradores\/\">\n\t\t\t\tMonitoramento remoto de geradores 2025: como funciona e por que sua empresa precisa agora\t\t\t<\/a>\n\t\t<\/h3>\n\t\t\t\t<div class=\"elementor-post__excerpt\">\n\t\t\t<p>Descubra como o monitoramento remoto de geradores pode prevenir: falhas,<\/p>\n\t\t<\/div>\n\t\t\n\t\t<a class=\"elementor-post__read-more\" href=\"https:\/\/www.nortebox.com.br\/site\/monitoramento-remoto-de-geradores\/\" aria-label=\"Leia mais sobre Monitoramento remoto de geradores 2025: como funciona e por que sua empresa precisa agora\" tabindex=\"-1\">\n\t\t\tLeia mais \u00bb\t\t<\/a>\n\n\t\t\t\t<\/div>\n\t\t\t\t\t<\/div>\n\t\t<\/article>\n\t\t\t\t<\/div>\n\t\t\n\t\t\t\t<\/div>\n\t\t\t\t<\/div>\n\t\t\t\t\t<\/div>\n\t\t<\/div>\n\t\t\t\t\t<\/div>\n\t\t<\/section>\n\t\t\t\t<section class=\"elementor-section elementor-top-section elementor-element elementor-element-57d96b0 elementor-section-boxed elementor-section-height-default elementor-section-height-default\" data-id=\"57d96b0\" data-element_type=\"section\">\n\t\t\t\t\t\t<div class=\"elementor-container elementor-column-gap-default\">\n\t\t\t\t\t<div class=\"elementor-column elementor-col-100 elementor-top-column elementor-element elementor-element-478fe70\" data-id=\"478fe70\" data-element_type=\"column\">\n\t\t\t<div class=\"elementor-widget-wrap elementor-element-populated\">\n\t\t\t\t\t\t<section class=\"elementor-section elementor-inner-section elementor-element elementor-element-efde25c elementor-section-height-min-height elementor-section-boxed elementor-section-height-default\" data-id=\"efde25c\" data-element_type=\"section\" data-settings=\"{&quot;background_background&quot;:&quot;classic&quot;}\">\n\t\t\t\t\t\t\t<div class=\"elementor-background-overlay\"><\/div>\n\t\t\t\t\t\t\t<div class=\"elementor-container elementor-column-gap-default\">\n\t\t\t\t\t<div class=\"elementor-column elementor-col-100 elementor-inner-column elementor-element elementor-element-e23a9fc\" data-id=\"e23a9fc\" data-element_type=\"column\">\n\t\t\t<div class=\"elementor-widget-wrap elementor-element-populated\">\n\t\t\t\t\t\t<div class=\"elementor-element elementor-element-636a36d elementor-widget elementor-widget-heading\" data-id=\"636a36d\" data-element_type=\"widget\" data-widget_type=\"heading.default\">\n\t\t\t\t<div class=\"elementor-widget-container\">\n\t\t\t<h2 class=\"elementor-heading-title elementor-size-default\">Nada de spam, s\u00f3 conte\u00fado que importa<\/h2>\t\t<\/div>\n\t\t\t\t<\/div>\n\t\t\t\t<div class=\"elementor-element elementor-element-128e9d2 elementor-widget-tablet__width-initial elementor-widget elementor-widget-text-editor\" data-id=\"128e9d2\" data-element_type=\"widget\" data-widget_type=\"text-editor.default\">\n\t\t\t\t<div class=\"elementor-widget-container\">\n\t\t\t\t\t\t\t<p>Receba dicas pr\u00e1ticas sobre monitoramento e inova\u00e7\u00e3o para deixar sua opera\u00e7\u00e3o mais inteligente e sem complica\u00e7\u00e3o.<\/p>\t\t\t\t\t\t<\/div>\n\t\t\t\t<\/div>\n\t\t\t\t<div class=\"elementor-element elementor-element-e704fd2 elementor-button-align-start elementor-widget__width-initial elementor-widget elementor-widget-form\" data-id=\"e704fd2\" data-element_type=\"widget\" data-settings=\"{&quot;step_next_label&quot;:&quot;Pr\\u00f3ximo&quot;,&quot;step_previous_label&quot;:&quot;Anterior&quot;,&quot;button_width&quot;:&quot;100&quot;,&quot;step_type&quot;:&quot;number_text&quot;,&quot;step_icon_shape&quot;:&quot;circle&quot;}\" data-widget_type=\"form.default\">\n\t\t\t\t<div class=\"elementor-widget-container\">\n\t\t\t\t\t<form class=\"elementor-form\" method=\"post\" name=\"Novo formul\u00e1rio\">\n\t\t\t<input type=\"hidden\" name=\"post_id\" value=\"2467\"\/>\n\t\t\t<input type=\"hidden\" name=\"form_id\" value=\"e704fd2\"\/>\n\t\t\t<input type=\"hidden\" name=\"referer_title\" value=\"\" \/>\n\n\t\t\t\n\t\t\t<div class=\"elementor-form-fields-wrapper elementor-labels-above\">\n\t\t\t\t\t\t\t\t<div class=\"elementor-field-type-email elementor-field-group elementor-column elementor-field-group-email elementor-col-50 elementor-field-required\">\n\t\t\t\t\t\t\t\t\t\t\t\t\t<input size=\"1\" type=\"email\" name=\"form_fields[email]\" id=\"form-field-email\" class=\"elementor-field elementor-size-sm  elementor-field-textual\" placeholder=\"Seu melhor e-mail\" required=\"required\" aria-required=\"true\">\n\t\t\t\t\t\t\t\t\t\t\t<\/div>\n\t\t\t\t\t\t\t\t<div class=\"elementor-field-group elementor-column elementor-field-type-submit elementor-col-100 e-form__buttons\">\n\t\t\t\t\t<button type=\"submit\" class=\"elementor-button elementor-size-sm elementor-animation-shrink\">\n\t\t\t\t\t\t<span >\n\t\t\t\t\t\t\t\t\t\t\t\t\t\t\t<span class=\" elementor-button-icon\">\n\t\t\t\t\t\t\t\t\t\t\t\t\t\t\t\t\t\t\t\t\t\t\t\t\t\t<\/span>\n\t\t\t\t\t\t\t\t\t\t\t\t\t\t\t\t\t\t\t\t\t\t<span class=\"elementor-button-text\">Inscrever-se<\/span>\n\t\t\t\t\t\t\t\t\t\t\t\t\t<\/span>\n\t\t\t\t\t<\/button>\n\t\t\t\t<\/div>\n\t\t\t<\/div>\n\t\t<\/form>\n\t\t\t\t<\/div>\n\t\t\t\t<\/div>\n\t\t\t\t\t<\/div>\n\t\t<\/div>\n\t\t\t\t\t<\/div>\n\t\t<\/section>\n\t\t\t\t\t<\/div>\n\t\t<\/div>\n\t\t\t\t\t<\/div>\n\t\t<\/section>\n\t\t\t\t<\/div>\n\t\t","protected":false},"excerpt":{"rendered":"<p>Blog Monitorando com Intelig\u00eancia Aprenda com quem faz: artigos, dicas e casos reais sobre como simplificar processos com tecnologia inteligente. Nada de spam, s\u00f3 conte\u00fado que importa Receba dicas pr\u00e1ticas sobre monitoramento e inova\u00e7\u00e3o para deixar sua opera\u00e7\u00e3o mais inteligente e sem complica\u00e7\u00e3o.<\/p>\n","protected":false},"author":2,"featured_media":2510,"parent":0,"menu_order":0,"comment_status":"closed","ping_status":"closed","template":"elementor_header_footer","meta":{"om_disable_all_campaigns":false,"_monsterinsights_skip_tracking":false,"_monsterinsights_sitenote_active":false,"_monsterinsights_sitenote_note":"","_monsterinsights_sitenote_category":0,"footnotes":""},"_links":{"self":[{"href":"https:\/\/www.nortebox.com.br\/site\/wp-json\/wp\/v2\/pages\/2467"}],"collection":[{"href":"https:\/\/www.nortebox.com.br\/site\/wp-json\/wp\/v2\/pages"}],"about":[{"href":"https:\/\/www.nortebox.com.br\/site\/wp-json\/wp\/v2\/types\/page"}],"author":[{"embeddable":true,"href":"https:\/\/www.nortebox.com.br\/site\/wp-json\/wp\/v2\/users\/2"}],"replies":[{"embeddable":true,"href":"https:\/\/www.nortebox.com.br\/site\/wp-json\/wp\/v2\/comments?post=2467"}],"version-history":[{"count":44,"href":"https:\/\/www.nortebox.com.br\/site\/wp-json\/wp\/v2\/pages\/2467\/revisions"}],"predecessor-version":[{"id":2894,"href":"https:\/\/www.nortebox.com.br\/site\/wp-json\/wp\/v2\/pages\/2467\/revisions\/2894"}],"wp:featuredmedia":[{"embeddable":true,"href":"https:\/\/www.nortebox.com.br\/site\/wp-json\/wp\/v2\/media\/2510"}],"wp:attachment":[{"href":"https:\/\/www.nortebox.com.br\/site\/wp-json\/wp\/v2\/media?parent=2467"}],"curies":[{"name":"wp","href":"https:\/\/api.w.org\/{rel}","templated":true}]}}